{"id":9343,"date":"2017-03-04T12:05:02","date_gmt":"2017-03-04T18:05:02","guid":{"rendered":"https:\/\/www.soyfreelancer.com\/blog\/?page_id=9343"},"modified":"2023-09-27T11:58:13","modified_gmt":"2023-09-27T17:58:13","slug":"actualiza-tu-navegador","status":"publish","type":"page","link":"https:\/\/wp.soyfreelancer.com\/blog\/actualiza-tu-navegador\/","title":{"rendered":"Actualiza tu navegador y mantente m\u00e1s seguro online"},"content":{"rendered":"<h2><strong>\u00bfPor qu\u00e9 necesito un navegador actualizado?<\/strong><\/h2>\n<p><strong>Seguridad<\/strong><br \/>\nLos navegadores recientes le protegen mejor contra virus, fraudes y otras amenazas. Los navegadores desactualizados tienen problemas de seguridad que son solucionados en las actualizaciones.<\/p>\n<p><strong>Velocidad<\/strong><br \/>\nCada nueva generaci\u00f3n de navegadores mejora la velocidad<\/p>\n<p><strong>Compatibilidad y nuevas tecnolog\u00edas<\/strong><br \/>\nLos sitios que utilizan nuevas tecnolog\u00edas se mostrar\u00e1n de manera m\u00e1s correcta<\/p>\n<p><strong>Comodidad y mejor experiencia<\/strong><br \/>\nCon nuevas caracter\u00edsticas y extensiones y m\u00e1s personalizables, tendr\u00e1 una mejor experiencia en la web<\/p>\n<p><strong>Funcionalidades b\u00e1sicas<\/strong><br \/>\nSoyfreelancer.com para ejecutarse correctamente necesita de las funcionalidades que est\u00e1n incluidas en las \u00faltimas versiones de los navegadores web.<\/p>\n<p>Las versiones soportadas:<br \/>\nChrome: desde la versi\u00f3n 52 en adelante.<br \/>\n<a href=\"https:\/\/www.google.com\/chrome\/browser\/desktop\/\" target=\"_blank\">Actualizalo ahora<\/a><\/p>\n<p>Internet Explorer: En revisi\u00f3n<br \/>\nMicrosoft Edge: En revisi\u00f3n<br \/>\nFirefox: En Revisi\u00f3n<\/p>\n","protected":false},"excerpt":{"rendered":"\u00bfPor qu\u00e9 necesito un navegador actualizado? Seguridad Los navegadores recientes le protegen mejor contra virus, fraudes y otras amenazas. Los navegadores desactualizados tienen problemas de seguridad que son solucionados en las actualizaciones. Velocidad Cada nueva generaci\u00f3n de navegadores mejora la velocidad Compatibilidad y nuevas tecnolog\u00edas Los sitios que utilizan nuevas tecnolog\u00edas se mostrar\u00e1n de manera&#8230; <a class=\"view-article\" href=\"https:\/\/wp.soyfreelancer.com\/blog\/actualiza-tu-navegador\/\">Continuar leyendo<\/a>","protected":false},"author":27,"featured_media":0,"parent":0,"menu_order":0,"comment_status":"closed","ping_status":"closed","template":"","meta":{"_acf_changed":false,"footnotes":""},"categories":[],"tags":[2765],"class_list":["post-9343","page","type-page","status-publish","hentry","tag-actualizar-navegador"],"acf":[],"yoast_head":"<!-- This site is optimized with the Yoast SEO plugin v27.4 - https:\/\/yoast.com\/product\/yoast-seo-wordpress\/ -->\n<title>Actualiza tu navegador y mantente m\u00e1s seguro online<\/title>\n<meta name=\"description\" content=\"Los navegadores recientes le protegen mejor contra virus, fraudes y otras amenazas. Los navegadores desactualizados tienen problemas de seguridad...\" \/>\n<meta name=\"robots\" content=\"noindex, nofollow\" \/>\n<meta property=\"og:locale\" content=\"es_ES\" \/>\n<meta property=\"og:type\" content=\"article\" \/>\n<meta property=\"og:title\" content=\"Actualiza tu navegador y mantente m\u00e1s seguro online\" \/>\n<meta property=\"og:description\" content=\"Los navegadores recientes le protegen mejor contra virus, fraudes y otras amenazas. Los navegadores desactualizados tienen problemas de seguridad...\" \/>\n<meta property=\"og:url\" content=\"https:\/\/wp.soyfreelancer.com\/blog\/actualiza-tu-navegador\/\" \/>\n<meta property=\"og:site_name\" content=\"Soyfreelancer.com\" \/>\n<meta property=\"article:modified_time\" content=\"2023-09-27T17:58:13+00:00\" \/>\n<meta property=\"og:image\" content=\"http:\/\/34.75.45.37wp-content\/uploads\/2019\/09\/logo-blue-sf.png\" \/>\n<meta name=\"twitter:card\" content=\"summary_large_image\" \/>\n<meta name=\"twitter:label1\" content=\"Tiempo de lectura\" \/>\n\t<meta name=\"twitter:data1\" content=\"1 minuto\" \/>\n<script type=\"application\/ld+json\" class=\"yoast-schema-graph\">{\"@context\":\"https:\\\/\\\/schema.org\",\"@graph\":[{\"@type\":\"WebPage\",\"@id\":\"https:\\\/\\\/wp.soyfreelancer.com\\\/blog\\\/actualiza-tu-navegador\\\/\",\"url\":\"https:\\\/\\\/wp.soyfreelancer.com\\\/blog\\\/actualiza-tu-navegador\\\/\",\"name\":\"Actualiza tu navegador y mantente m\u00e1s seguro online\",\"isPartOf\":{\"@id\":\"https:\\\/\\\/wp.soyfreelancer.com\\\/blog\\\/#website\"},\"datePublished\":\"2017-03-04T18:05:02+00:00\",\"dateModified\":\"2023-09-27T17:58:13+00:00\",\"description\":\"Los navegadores recientes le protegen mejor contra virus, fraudes y otras amenazas. Los navegadores desactualizados tienen problemas de seguridad...\",\"breadcrumb\":{\"@id\":\"https:\\\/\\\/wp.soyfreelancer.com\\\/blog\\\/actualiza-tu-navegador\\\/#breadcrumb\"},\"inLanguage\":\"es\",\"potentialAction\":[{\"@type\":\"ReadAction\",\"target\":[\"https:\\\/\\\/wp.soyfreelancer.com\\\/blog\\\/actualiza-tu-navegador\\\/\"]}]},{\"@type\":\"BreadcrumbList\",\"@id\":\"https:\\\/\\\/wp.soyfreelancer.com\\\/blog\\\/actualiza-tu-navegador\\\/#breadcrumb\",\"itemListElement\":[{\"@type\":\"ListItem\",\"position\":1,\"name\":\"Portada\",\"item\":\"https:\\\/\\\/wp.soyfreelancer.com\\\/blog\\\/\"},{\"@type\":\"ListItem\",\"position\":2,\"name\":\"Actualiza tu navegador y mantente m\u00e1s seguro online\"}]},{\"@type\":\"WebSite\",\"@id\":\"https:\\\/\\\/wp.soyfreelancer.com\\\/blog\\\/#website\",\"url\":\"https:\\\/\\\/wp.soyfreelancer.com\\\/blog\\\/\",\"name\":\"Soyfreelancer.com\",\"description\":\"Soyfreelancer.com | Multiservicios en demanda\",\"potentialAction\":[{\"@type\":\"SearchAction\",\"target\":{\"@type\":\"EntryPoint\",\"urlTemplate\":\"https:\\\/\\\/wp.soyfreelancer.com\\\/blog\\\/?s={search_term_string}\"},\"query-input\":{\"@type\":\"PropertyValueSpecification\",\"valueRequired\":true,\"valueName\":\"search_term_string\"}}],\"inLanguage\":\"es\"}]}<\/script>\n<!-- \/ Yoast SEO plugin. -->","yoast_head_json":{"title":"Actualiza tu navegador y mantente m\u00e1s seguro online","description":"Los navegadores recientes le protegen mejor contra virus, fraudes y otras amenazas. Los navegadores desactualizados tienen problemas de seguridad...","robots":{"index":"noindex","follow":"nofollow"},"og_locale":"es_ES","og_type":"article","og_title":"Actualiza tu navegador y mantente m\u00e1s seguro online","og_description":"Los navegadores recientes le protegen mejor contra virus, fraudes y otras amenazas. Los navegadores desactualizados tienen problemas de seguridad...","og_url":"https:\/\/wp.soyfreelancer.com\/blog\/actualiza-tu-navegador\/","og_site_name":"Soyfreelancer.com","article_modified_time":"2023-09-27T17:58:13+00:00","og_image":[{"url":"http:\/\/34.75.45.37wp-content\/uploads\/2019\/09\/logo-blue-sf.png","type":"","width":"","height":""}],"twitter_card":"summary_large_image","twitter_misc":{"Tiempo de lectura":"1 minuto"},"schema":{"@context":"https:\/\/schema.org","@graph":[{"@type":"WebPage","@id":"https:\/\/wp.soyfreelancer.com\/blog\/actualiza-tu-navegador\/","url":"https:\/\/wp.soyfreelancer.com\/blog\/actualiza-tu-navegador\/","name":"Actualiza tu navegador y mantente m\u00e1s seguro online","isPartOf":{"@id":"https:\/\/wp.soyfreelancer.com\/blog\/#website"},"datePublished":"2017-03-04T18:05:02+00:00","dateModified":"2023-09-27T17:58:13+00:00","description":"Los navegadores recientes le protegen mejor contra virus, fraudes y otras amenazas. Los navegadores desactualizados tienen problemas de seguridad...","breadcrumb":{"@id":"https:\/\/wp.soyfreelancer.com\/blog\/actualiza-tu-navegador\/#breadcrumb"},"inLanguage":"es","potentialAction":[{"@type":"ReadAction","target":["https:\/\/wp.soyfreelancer.com\/blog\/actualiza-tu-navegador\/"]}]},{"@type":"BreadcrumbList","@id":"https:\/\/wp.soyfreelancer.com\/blog\/actualiza-tu-navegador\/#breadcrumb","itemListElement":[{"@type":"ListItem","position":1,"name":"Portada","item":"https:\/\/wp.soyfreelancer.com\/blog\/"},{"@type":"ListItem","position":2,"name":"Actualiza tu navegador y mantente m\u00e1s seguro online"}]},{"@type":"WebSite","@id":"https:\/\/wp.soyfreelancer.com\/blog\/#website","url":"https:\/\/wp.soyfreelancer.com\/blog\/","name":"Soyfreelancer.com","description":"Soyfreelancer.com | Multiservicios en demanda","potentialAction":[{"@type":"SearchAction","target":{"@type":"EntryPoint","urlTemplate":"https:\/\/wp.soyfreelancer.com\/blog\/?s={search_term_string}"},"query-input":{"@type":"PropertyValueSpecification","valueRequired":true,"valueName":"search_term_string"}}],"inLanguage":"es"}]}},"_links":{"self":[{"href":"https:\/\/wp.soyfreelancer.com\/blog\/wp-json\/wp\/v2\/pages\/9343","targetHints":{"allow":["GET"]}}],"collection":[{"href":"https:\/\/wp.soyfreelancer.com\/blog\/wp-json\/wp\/v2\/pages"}],"about":[{"href":"https:\/\/wp.soyfreelancer.com\/blog\/wp-json\/wp\/v2\/types\/page"}],"author":[{"embeddable":true,"href":"https:\/\/wp.soyfreelancer.com\/blog\/wp-json\/wp\/v2\/users\/27"}],"replies":[{"embeddable":true,"href":"https:\/\/wp.soyfreelancer.com\/blog\/wp-json\/wp\/v2\/comments?post=9343"}],"version-history":[{"count":2,"href":"https:\/\/wp.soyfreelancer.com\/blog\/wp-json\/wp\/v2\/pages\/9343\/revisions"}],"predecessor-version":[{"id":12448,"href":"https:\/\/wp.soyfreelancer.com\/blog\/wp-json\/wp\/v2\/pages\/9343\/revisions\/12448"}],"wp:attachment":[{"href":"https:\/\/wp.soyfreelancer.com\/blog\/wp-json\/wp\/v2\/media?parent=9343"}],"wp:term":[{"taxonomy":"category","embeddable":true,"href":"https:\/\/wp.soyfreelancer.com\/blog\/wp-json\/wp\/v2\/categories?post=9343"},{"taxonomy":"post_tag","embeddable":true,"href":"https:\/\/wp.soyfreelancer.com\/blog\/wp-json\/wp\/v2\/tags?post=9343"}],"curies":[{"name":"wp","href":"https:\/\/api.w.org\/{rel}","templated":true}]}}