{"id":9007,"date":"2016-09-27T10:02:27","date_gmt":"2016-09-27T16:02:27","guid":{"rendered":"https:\/\/www.soyfreelancer.com\/blog\/?page_id=9007"},"modified":"2026-01-13T11:17:46","modified_gmt":"2026-01-13T17:17:46","slug":"precios-membresia-soyfreelancer-com","status":"publish","type":"page","link":"https:\/\/wp.soyfreelancer.com\/blog\/precios-membresia-soyfreelancer-com\/","title":{"rendered":"Precios de membres\u00eda en soyfreelancer.com"},"content":{"rendered":"\n<h2 class=\"wp-block-heading\">\u00a1Con tu cuenta \u00c9lite en SoyFreelancer.com obtienes m\u00e1s beneficios!<\/h2>\n\n\n\n<figure class=\"wp-block-table\"><table class=\"has-fixed-layout\"><tbody><tr><td><strong>Beneficios<\/strong><\/td><td>\n<p style=\"text-align: center;\"><strong>Scout<\/strong><\/p>\n<p style=\"text-align: center;\"><strong>Gratis<\/strong><\/p>\n<\/td><td>\n<p style=\"text-align: center;\"><strong>\u00c9lite<\/strong><\/p>\n<p style=\"text-align: center;\"><strong>USD $9.99 \/mes<\/strong><\/p>\n<\/td><\/tr><tr><td>Chat cliente-freelancer<\/td><td><br><h3 class=\"LC20lb DKV0Md\" style=\"text-align: center;\">\u2714\ufe0f<\/h3><\/td><td><br><h3 class=\"LC20lb DKV0Md\" style=\"text-align: center;\">\u2714\ufe0f<\/h3><\/td><\/tr><tr><td>Portafolio de im\u00e1genes y servicios<\/td><td><br><h3 class=\"LC20lb DKV0Md\" style=\"text-align: center;\">\u2714\ufe0f<\/h3><\/td><td><br><h3 class=\"LC20lb DKV0Md\" style=\"text-align: center;\">\u2714\ufe0f<\/h3><\/td><\/tr><tr><td>Archivos pdf y videos en portafolios<\/td><td><p style=\"text-align: center;\">\u274c<\/p><\/td><td><h3 class=\"LC20lb DKV0Md\" style=\"text-align: center;\">\u2714\ufe0f<\/h3><\/td><\/tr><tr><td>Distintivo \u00c9lite en tu perfil<\/td><td><br><p style=\"text-align: center;\">\u274c<\/p><\/td><td><br><h3 class=\"LC20lb DKV0Md\" style=\"text-align: center;\"><p style=\"text-align: center;\">\u274c<\/p><\/h3><\/td><\/tr><tr><td>Prioridad en resultados de b\u00fasqueda<\/td><td><br><p style=\"text-align: center;\">\u274c<\/p><\/td><td><br><h3 class=\"LC20lb DKV0Md\" style=\"text-align: center;\">\u2714\ufe0f<\/h3><\/td><\/tr><tr><td>Aplica a proyectos ilimitados por d\u00eda<\/td><td><br><p style=\"text-align: center;\">\u274c<\/p><\/td><td><br><h3 class=\"LC20lb DKV0Md\" style=\"text-align: center;\">\u2714\ufe0f<\/h3><\/td><\/tr><tr><td>Adjunta archivos a tu oferta<\/td><td><br><p style=\"text-align: center;\">\u274c<\/p><\/td><td><br><h3 class=\"LC20lb DKV0Md\" style=\"text-align: center;\">\u2714\ufe0f<\/h3><\/td><\/tr><\/tbody><\/table><\/figure>\n\n\n\n<h2 class=\"wp-block-heading\"><a href=\"https:\/\/www.soyfreelancer.com\/membresias\" target=\"_blank\" rel=\"noopener\">Sube tu cuenta a \u00c9lite y aplica a m\u00e1s proyectos ahora<\/a><\/h2>\n","protected":false},"excerpt":{"rendered":"\u00a1Con tu cuenta \u00c9lite en SoyFreelancer.com obtienes m\u00e1s beneficios! Beneficios Scout Gratis \u00c9lite USD $9.99 \/mes Chat cliente-freelancer \u2714\ufe0f \u2714\ufe0f Portafolio de im\u00e1genes y servicios \u2714\ufe0f \u2714\ufe0f Archivos pdf y videos en portafolios \u274c \u2714\ufe0f Distintivo \u00c9lite en tu perfil \u274c \u274c Prioridad en resultados de b\u00fasqueda \u274c \u2714\ufe0f Aplica a proyectos ilimitados por d\u00eda&#8230; <a class=\"view-article\" href=\"https:\/\/wp.soyfreelancer.com\/blog\/precios-membresia-soyfreelancer-com\/\">Continuar leyendo<\/a>","protected":false},"author":11,"featured_media":0,"parent":0,"menu_order":0,"comment_status":"closed","ping_status":"closed","template":"","meta":{"_acf_changed":false,"footnotes":""},"categories":[],"tags":[1472,1649,1651,131,1650,121],"class_list":["post-9007","page","type-page","status-publish","hentry","tag-beneficios","tag-membresia","tag-opciones","tag-precios","tag-pro","tag-tarifas"],"acf":[],"yoast_head":"<!-- This site is optimized with the Yoast SEO plugin v27.4 - https:\/\/yoast.com\/product\/yoast-seo-wordpress\/ -->\n<title>Precios de membres\u00edas | SoyFreelancer.com<\/title>\n<meta name=\"description\" content=\"Precios de membres\u00eda. Tarifas y beneficios, opci\u00f3n gratuita y opciones de pago dentro de SoyFreelancer.com\" \/>\n<meta name=\"robots\" content=\"noindex, nofollow\" \/>\n<meta property=\"og:locale\" content=\"es_ES\" \/>\n<meta property=\"og:type\" content=\"article\" \/>\n<meta property=\"og:title\" content=\"Precios de membres\u00edas | SoyFreelancer.com\" \/>\n<meta property=\"og:description\" content=\"Precios de membres\u00eda. Tarifas y beneficios, opci\u00f3n gratuita y opciones de pago dentro de SoyFreelancer.com\" \/>\n<meta property=\"og:url\" content=\"https:\/\/wp.soyfreelancer.com\/blog\/precios-membresia-soyfreelancer-com\/\" \/>\n<meta property=\"og:site_name\" content=\"Soyfreelancer.com\" \/>\n<meta property=\"article:modified_time\" content=\"2026-01-13T17:17:46+00:00\" \/>\n<meta property=\"og:image\" content=\"http:\/\/34.75.45.37wp-content\/uploads\/2019\/09\/logo-blue-sf.png\" \/>\n<meta name=\"twitter:card\" content=\"summary_large_image\" \/>\n<meta name=\"twitter:label1\" content=\"Tiempo de lectura\" \/>\n\t<meta name=\"twitter:data1\" content=\"1 minuto\" \/>\n<script type=\"application\/ld+json\" class=\"yoast-schema-graph\">{\"@context\":\"https:\\\/\\\/schema.org\",\"@graph\":[{\"@type\":\"WebPage\",\"@id\":\"https:\\\/\\\/wp.soyfreelancer.com\\\/blog\\\/precios-membresia-soyfreelancer-com\\\/\",\"url\":\"https:\\\/\\\/wp.soyfreelancer.com\\\/blog\\\/precios-membresia-soyfreelancer-com\\\/\",\"name\":\"Precios de membres\u00edas | SoyFreelancer.com\",\"isPartOf\":{\"@id\":\"https:\\\/\\\/wp.soyfreelancer.com\\\/blog\\\/#website\"},\"datePublished\":\"2016-09-27T16:02:27+00:00\",\"dateModified\":\"2026-01-13T17:17:46+00:00\",\"description\":\"Precios de membres\u00eda. Tarifas y beneficios, opci\u00f3n gratuita y opciones de pago dentro de SoyFreelancer.com\",\"breadcrumb\":{\"@id\":\"https:\\\/\\\/wp.soyfreelancer.com\\\/blog\\\/precios-membresia-soyfreelancer-com\\\/#breadcrumb\"},\"inLanguage\":\"es\",\"potentialAction\":[{\"@type\":\"ReadAction\",\"target\":[\"https:\\\/\\\/wp.soyfreelancer.com\\\/blog\\\/precios-membresia-soyfreelancer-com\\\/\"]}]},{\"@type\":\"BreadcrumbList\",\"@id\":\"https:\\\/\\\/wp.soyfreelancer.com\\\/blog\\\/precios-membresia-soyfreelancer-com\\\/#breadcrumb\",\"itemListElement\":[{\"@type\":\"ListItem\",\"position\":1,\"name\":\"Portada\",\"item\":\"https:\\\/\\\/wp.soyfreelancer.com\\\/blog\\\/\"},{\"@type\":\"ListItem\",\"position\":2,\"name\":\"Precios de membres\u00eda en soyfreelancer.com\"}]},{\"@type\":\"WebSite\",\"@id\":\"https:\\\/\\\/wp.soyfreelancer.com\\\/blog\\\/#website\",\"url\":\"https:\\\/\\\/wp.soyfreelancer.com\\\/blog\\\/\",\"name\":\"Soyfreelancer.com\",\"description\":\"Soyfreelancer.com | Multiservicios en demanda\",\"potentialAction\":[{\"@type\":\"SearchAction\",\"target\":{\"@type\":\"EntryPoint\",\"urlTemplate\":\"https:\\\/\\\/wp.soyfreelancer.com\\\/blog\\\/?s={search_term_string}\"},\"query-input\":{\"@type\":\"PropertyValueSpecification\",\"valueRequired\":true,\"valueName\":\"search_term_string\"}}],\"inLanguage\":\"es\"}]}<\/script>\n<!-- \/ Yoast SEO plugin. -->","yoast_head_json":{"title":"Precios de membres\u00edas | SoyFreelancer.com","description":"Precios de membres\u00eda. Tarifas y beneficios, opci\u00f3n gratuita y opciones de pago dentro de SoyFreelancer.com","robots":{"index":"noindex","follow":"nofollow"},"og_locale":"es_ES","og_type":"article","og_title":"Precios de membres\u00edas | SoyFreelancer.com","og_description":"Precios de membres\u00eda. Tarifas y beneficios, opci\u00f3n gratuita y opciones de pago dentro de SoyFreelancer.com","og_url":"https:\/\/wp.soyfreelancer.com\/blog\/precios-membresia-soyfreelancer-com\/","og_site_name":"Soyfreelancer.com","article_modified_time":"2026-01-13T17:17:46+00:00","og_image":[{"url":"http:\/\/34.75.45.37wp-content\/uploads\/2019\/09\/logo-blue-sf.png","type":"","width":"","height":""}],"twitter_card":"summary_large_image","twitter_misc":{"Tiempo de lectura":"1 minuto"},"schema":{"@context":"https:\/\/schema.org","@graph":[{"@type":"WebPage","@id":"https:\/\/wp.soyfreelancer.com\/blog\/precios-membresia-soyfreelancer-com\/","url":"https:\/\/wp.soyfreelancer.com\/blog\/precios-membresia-soyfreelancer-com\/","name":"Precios de membres\u00edas | SoyFreelancer.com","isPartOf":{"@id":"https:\/\/wp.soyfreelancer.com\/blog\/#website"},"datePublished":"2016-09-27T16:02:27+00:00","dateModified":"2026-01-13T17:17:46+00:00","description":"Precios de membres\u00eda. Tarifas y beneficios, opci\u00f3n gratuita y opciones de pago dentro de SoyFreelancer.com","breadcrumb":{"@id":"https:\/\/wp.soyfreelancer.com\/blog\/precios-membresia-soyfreelancer-com\/#breadcrumb"},"inLanguage":"es","potentialAction":[{"@type":"ReadAction","target":["https:\/\/wp.soyfreelancer.com\/blog\/precios-membresia-soyfreelancer-com\/"]}]},{"@type":"BreadcrumbList","@id":"https:\/\/wp.soyfreelancer.com\/blog\/precios-membresia-soyfreelancer-com\/#breadcrumb","itemListElement":[{"@type":"ListItem","position":1,"name":"Portada","item":"https:\/\/wp.soyfreelancer.com\/blog\/"},{"@type":"ListItem","position":2,"name":"Precios de membres\u00eda en soyfreelancer.com"}]},{"@type":"WebSite","@id":"https:\/\/wp.soyfreelancer.com\/blog\/#website","url":"https:\/\/wp.soyfreelancer.com\/blog\/","name":"Soyfreelancer.com","description":"Soyfreelancer.com | Multiservicios en demanda","potentialAction":[{"@type":"SearchAction","target":{"@type":"EntryPoint","urlTemplate":"https:\/\/wp.soyfreelancer.com\/blog\/?s={search_term_string}"},"query-input":{"@type":"PropertyValueSpecification","valueRequired":true,"valueName":"search_term_string"}}],"inLanguage":"es"}]}},"_links":{"self":[{"href":"https:\/\/wp.soyfreelancer.com\/blog\/wp-json\/wp\/v2\/pages\/9007","targetHints":{"allow":["GET"]}}],"collection":[{"href":"https:\/\/wp.soyfreelancer.com\/blog\/wp-json\/wp\/v2\/pages"}],"about":[{"href":"https:\/\/wp.soyfreelancer.com\/blog\/wp-json\/wp\/v2\/types\/page"}],"author":[{"embeddable":true,"href":"https:\/\/wp.soyfreelancer.com\/blog\/wp-json\/wp\/v2\/users\/11"}],"replies":[{"embeddable":true,"href":"https:\/\/wp.soyfreelancer.com\/blog\/wp-json\/wp\/v2\/comments?post=9007"}],"version-history":[{"count":9,"href":"https:\/\/wp.soyfreelancer.com\/blog\/wp-json\/wp\/v2\/pages\/9007\/revisions"}],"predecessor-version":[{"id":13192,"href":"https:\/\/wp.soyfreelancer.com\/blog\/wp-json\/wp\/v2\/pages\/9007\/revisions\/13192"}],"wp:attachment":[{"href":"https:\/\/wp.soyfreelancer.com\/blog\/wp-json\/wp\/v2\/media?parent=9007"}],"wp:term":[{"taxonomy":"category","embeddable":true,"href":"https:\/\/wp.soyfreelancer.com\/blog\/wp-json\/wp\/v2\/categories?post=9007"},{"taxonomy":"post_tag","embeddable":true,"href":"https:\/\/wp.soyfreelancer.com\/blog\/wp-json\/wp\/v2\/tags?post=9007"}],"curies":[{"name":"wp","href":"https:\/\/api.w.org\/{rel}","templated":true}]}}