{"id":8251,"date":"2016-04-14T18:29:24","date_gmt":"2016-04-15T00:29:24","guid":{"rendered":"https:\/\/www.soyfreelancer.com\/blog\/?page_id=8251"},"modified":"2026-01-13T11:46:34","modified_gmt":"2026-01-13T17:46:34","slug":"precios-de-publicacion-de-proyectos-freelance","status":"publish","type":"page","link":"https:\/\/wp.soyfreelancer.com\/blog\/precios-de-publicacion-de-proyectos-freelance\/","title":{"rendered":"Precios de publicaci\u00f3n de proyectos en soyfreelancer.com"},"content":{"rendered":"\n<h2 class=\"wp-block-heading\">\u00a1Con tu&nbsp;proyecto \u00c9lite&nbsp;en SoyFreelancer.com obtienes&nbsp;m\u00e1s ventajas!<\/h2>\n\n\n\n<figure class=\"wp-block-table\"><table class=\"has-fixed-layout\"><tbody><tr><td><strong>Beneficios<\/strong><\/td><td class=\"has-text-align-center\" data-align=\"center\"><strong>Scout<\/strong> <strong>Gratis<\/strong><\/td><td class=\"has-text-align-center\" data-align=\"center\"><strong>\u00c9lite<\/strong> <strong>USD $19.99\/mes<\/strong><\/td><\/tr><tr><td>Publica todos los proyectos que quieras<\/td><td class=\"has-text-align-center\" data-align=\"center\">\u2714\ufe0f<\/td><td class=\"has-text-align-center\" data-align=\"center\">\u2714\ufe0f<\/td><\/tr><tr><td>Proyecto activo por 30 d\u00edas<\/td><td class=\"has-text-align-center\" data-align=\"center\">\u2714\ufe0f<\/td><td class=\"has-text-align-center\" data-align=\"center\">\u2714\ufe0f<\/td><\/tr><tr><td>Contraofertar y negociar precio<\/td><td class=\"has-text-align-center\" data-align=\"center\">\u2714\ufe0f<\/td><td class=\"has-text-align-center\" data-align=\"center\">\u2714\ufe0f<\/td><\/tr><tr><td>Funci\u00f3n <em>Recontratar<\/em> para contratos recurrentes<\/td><td class=\"has-text-align-center\" data-align=\"center\">\u2714\ufe0f<\/td><td class=\"has-text-align-center\" data-align=\"center\">\u2714\ufe0f<\/td><\/tr><tr><td>Cotiza directamente con el freelancer que quieras<\/td><td class=\"has-text-align-center\" data-align=\"center\">\u2714\ufe0f<\/td><td class=\"has-text-align-center\" data-align=\"center\">\u2714\ufe0f<\/td><\/tr><tr><td>Chat cliente-freelancer<\/td><td class=\"has-text-align-center\" data-align=\"center\">\u2714\ufe0f<\/td><td class=\"has-text-align-center\" data-align=\"center\">\u2714\ufe0f<\/td><\/tr><tr><td>Proyecto destacado 15 d\u00edas<\/td><td class=\"has-text-align-center\" data-align=\"center\">\u274c<\/td><td class=\"has-text-align-center\" data-align=\"center\">\u2714\ufe0f<\/td><\/tr><tr><td>Publica inmediatamente, sin&nbsp;verificaci\u00f3n<\/td><td class=\"has-text-align-center\" data-align=\"center\">\u274c<\/td><td class=\"has-text-align-center\" data-align=\"center\">\u2714\ufe0f<\/td><\/tr><tr><td>Agrega links y datos de contacto directo a tu publicaci\u00f3n<\/td><td class=\"has-text-align-center\" data-align=\"center\">\u274c<\/td><td class=\"has-text-align-center\" data-align=\"center\">\u2714\ufe0f<\/td><\/tr><tr><td>Adjunta archivos a tu publicaci\u00f3n<\/td><td class=\"has-text-align-center\" data-align=\"center\">\u274c<\/td><td class=\"has-text-align-center\" data-align=\"center\">\u2714\ufe0f<\/td><\/tr><tr><td>Agenda citas&nbsp;v\u00eda Meet<\/td><td class=\"has-text-align-center\" data-align=\"center\">\u274c<\/td><td class=\"has-text-align-center\" data-align=\"center\">\u2714\ufe0f<\/td><\/tr><tr><td>Descarga curr\u00edculums de los ofertantes<\/td><td class=\"has-text-align-center\" data-align=\"center\">\u274c<\/td><td class=\"has-text-align-center\" data-align=\"center\">\u2714\ufe0f<\/td><\/tr><tr><td>Distintivo \u00c9lite y&nbsp;prioridad en lista de&nbsp;proyectos publicados<\/td><td class=\"has-text-align-center\" data-align=\"center\">\u274c<\/td><td class=\"has-text-align-center\" data-align=\"center\">\u2714\ufe0f<\/td><\/tr><\/tbody><\/table><\/figure>\n\n\n\n<h2 class=\"wp-block-heading\"><a href=\"https:\/\/www.soyfreelancer.com\/app\/cliente\/dashboard\/\" target=\"_blank\" rel=\"noreferrer noopener\">Sube tu&nbsp;proyecto a \u00c9lite ahora<\/a><\/h2>\n\n\n\n<p>Conoce tambi\u00e9n sobre la opci\u00f3n Reclutar, para contratar talento remoto de forma externa a la plataforma: <a href=\"https:\/\/www.soyfreelancer.com\/blog\/publicar-oferta-empleo\/\" target=\"_blank\" rel=\"noreferrer noopener\">https:\/\/www.soyfreelancer.com\/blog\/publicar-oferta-empleo\/<\/a><\/p>\n\n\n\n<p><\/p>\n","protected":false},"excerpt":{"rendered":"\u00a1Con tu&nbsp;proyecto \u00c9lite&nbsp;en SoyFreelancer.com obtienes&nbsp;m\u00e1s ventajas! Beneficios Scout Gratis \u00c9lite USD $19.99\/mes Publica todos los proyectos que quieras \u2714\ufe0f \u2714\ufe0f Proyecto activo por 30 d\u00edas \u2714\ufe0f \u2714\ufe0f Contraofertar y negociar precio \u2714\ufe0f \u2714\ufe0f Funci\u00f3n Recontratar para contratos recurrentes \u2714\ufe0f \u2714\ufe0f Cotiza directamente con el freelancer que quieras \u2714\ufe0f \u2714\ufe0f Chat cliente-freelancer \u2714\ufe0f \u2714\ufe0f Proyecto destacado&#8230; <a class=\"view-article\" href=\"https:\/\/wp.soyfreelancer.com\/blog\/precios-de-publicacion-de-proyectos-freelance\/\">Continuar leyendo<\/a>","protected":false},"author":11,"featured_media":0,"parent":0,"menu_order":0,"comment_status":"closed","ping_status":"closed","template":"template-demo.php","meta":{"_acf_changed":false,"footnotes":""},"categories":[],"tags":[1472,451,1651,601,131,1654,121],"class_list":["post-8251","page","type-page","status-publish","hentry","tag-beneficios","tag-clientes","tag-opciones","tag-pago","tag-precios","tag-publicacion-de-proyectos","tag-tarifas"],"acf":[],"yoast_head":"<!-- This site is optimized with the Yoast SEO plugin v27.4 - https:\/\/yoast.com\/product\/yoast-seo-wordpress\/ -->\n<title>Precios de publicaci\u00f3n de proyectos freelance | SoyFreelancer.com<\/title>\n<meta name=\"description\" content=\"Precios de publicaci\u00f3n de proyectos freelance. Tarifas y beneficios, ppci\u00f3n gratuita y opciones de pago dentro de SoyFreelancer.com\" \/>\n<meta name=\"robots\" content=\"noindex, follow\" \/>\n<meta property=\"og:locale\" content=\"es_ES\" \/>\n<meta property=\"og:type\" content=\"article\" \/>\n<meta property=\"og:title\" content=\"Precios de publicaci\u00f3n de proyectos freelance | SoyFreelancer.com\" \/>\n<meta property=\"og:description\" content=\"Precios de publicaci\u00f3n de proyectos freelance. Tarifas y beneficios, ppci\u00f3n gratuita y opciones de pago dentro de SoyFreelancer.com\" \/>\n<meta property=\"og:url\" content=\"https:\/\/wp.soyfreelancer.com\/blog\/precios-de-publicacion-de-proyectos-freelance\/\" \/>\n<meta property=\"og:site_name\" content=\"Soyfreelancer.com\" \/>\n<meta property=\"article:modified_time\" content=\"2026-01-13T17:46:34+00:00\" \/>\n<meta property=\"og:image\" content=\"http:\/\/34.75.45.37wp-content\/uploads\/2019\/09\/logo-blue-sf.png\" \/>\n<meta name=\"twitter:card\" content=\"summary_large_image\" \/>\n<meta name=\"twitter:label1\" content=\"Tiempo de lectura\" \/>\n\t<meta name=\"twitter:data1\" content=\"1 minuto\" \/>\n<script type=\"application\/ld+json\" class=\"yoast-schema-graph\">{\"@context\":\"https:\\\/\\\/schema.org\",\"@graph\":[{\"@type\":\"WebPage\",\"@id\":\"https:\\\/\\\/wp.soyfreelancer.com\\\/blog\\\/precios-de-publicacion-de-proyectos-freelance\\\/\",\"url\":\"https:\\\/\\\/wp.soyfreelancer.com\\\/blog\\\/precios-de-publicacion-de-proyectos-freelance\\\/\",\"name\":\"Precios de publicaci\u00f3n de proyectos freelance | SoyFreelancer.com\",\"isPartOf\":{\"@id\":\"https:\\\/\\\/wp.soyfreelancer.com\\\/blog\\\/#website\"},\"datePublished\":\"2016-04-15T00:29:24+00:00\",\"dateModified\":\"2026-01-13T17:46:34+00:00\",\"description\":\"Precios de publicaci\u00f3n de proyectos freelance. Tarifas y beneficios, ppci\u00f3n gratuita y opciones de pago dentro de SoyFreelancer.com\",\"breadcrumb\":{\"@id\":\"https:\\\/\\\/wp.soyfreelancer.com\\\/blog\\\/precios-de-publicacion-de-proyectos-freelance\\\/#breadcrumb\"},\"inLanguage\":\"es\",\"potentialAction\":[{\"@type\":\"ReadAction\",\"target\":[\"https:\\\/\\\/wp.soyfreelancer.com\\\/blog\\\/precios-de-publicacion-de-proyectos-freelance\\\/\"]}]},{\"@type\":\"BreadcrumbList\",\"@id\":\"https:\\\/\\\/wp.soyfreelancer.com\\\/blog\\\/precios-de-publicacion-de-proyectos-freelance\\\/#breadcrumb\",\"itemListElement\":[{\"@type\":\"ListItem\",\"position\":1,\"name\":\"Portada\",\"item\":\"https:\\\/\\\/wp.soyfreelancer.com\\\/blog\\\/\"},{\"@type\":\"ListItem\",\"position\":2,\"name\":\"Precios de publicaci\u00f3n de proyectos en soyfreelancer.com\"}]},{\"@type\":\"WebSite\",\"@id\":\"https:\\\/\\\/wp.soyfreelancer.com\\\/blog\\\/#website\",\"url\":\"https:\\\/\\\/wp.soyfreelancer.com\\\/blog\\\/\",\"name\":\"Soyfreelancer.com\",\"description\":\"Soyfreelancer.com | Multiservicios en demanda\",\"potentialAction\":[{\"@type\":\"SearchAction\",\"target\":{\"@type\":\"EntryPoint\",\"urlTemplate\":\"https:\\\/\\\/wp.soyfreelancer.com\\\/blog\\\/?s={search_term_string}\"},\"query-input\":{\"@type\":\"PropertyValueSpecification\",\"valueRequired\":true,\"valueName\":\"search_term_string\"}}],\"inLanguage\":\"es\"}]}<\/script>\n<!-- \/ Yoast SEO plugin. -->","yoast_head_json":{"title":"Precios de publicaci\u00f3n de proyectos freelance | SoyFreelancer.com","description":"Precios de publicaci\u00f3n de proyectos freelance. Tarifas y beneficios, ppci\u00f3n gratuita y opciones de pago dentro de SoyFreelancer.com","robots":{"index":"noindex","follow":"follow"},"og_locale":"es_ES","og_type":"article","og_title":"Precios de publicaci\u00f3n de proyectos freelance | SoyFreelancer.com","og_description":"Precios de publicaci\u00f3n de proyectos freelance. Tarifas y beneficios, ppci\u00f3n gratuita y opciones de pago dentro de SoyFreelancer.com","og_url":"https:\/\/wp.soyfreelancer.com\/blog\/precios-de-publicacion-de-proyectos-freelance\/","og_site_name":"Soyfreelancer.com","article_modified_time":"2026-01-13T17:46:34+00:00","og_image":[{"url":"http:\/\/34.75.45.37wp-content\/uploads\/2019\/09\/logo-blue-sf.png","type":"","width":"","height":""}],"twitter_card":"summary_large_image","twitter_misc":{"Tiempo de lectura":"1 minuto"},"schema":{"@context":"https:\/\/schema.org","@graph":[{"@type":"WebPage","@id":"https:\/\/wp.soyfreelancer.com\/blog\/precios-de-publicacion-de-proyectos-freelance\/","url":"https:\/\/wp.soyfreelancer.com\/blog\/precios-de-publicacion-de-proyectos-freelance\/","name":"Precios de publicaci\u00f3n de proyectos freelance | SoyFreelancer.com","isPartOf":{"@id":"https:\/\/wp.soyfreelancer.com\/blog\/#website"},"datePublished":"2016-04-15T00:29:24+00:00","dateModified":"2026-01-13T17:46:34+00:00","description":"Precios de publicaci\u00f3n de proyectos freelance. Tarifas y beneficios, ppci\u00f3n gratuita y opciones de pago dentro de SoyFreelancer.com","breadcrumb":{"@id":"https:\/\/wp.soyfreelancer.com\/blog\/precios-de-publicacion-de-proyectos-freelance\/#breadcrumb"},"inLanguage":"es","potentialAction":[{"@type":"ReadAction","target":["https:\/\/wp.soyfreelancer.com\/blog\/precios-de-publicacion-de-proyectos-freelance\/"]}]},{"@type":"BreadcrumbList","@id":"https:\/\/wp.soyfreelancer.com\/blog\/precios-de-publicacion-de-proyectos-freelance\/#breadcrumb","itemListElement":[{"@type":"ListItem","position":1,"name":"Portada","item":"https:\/\/wp.soyfreelancer.com\/blog\/"},{"@type":"ListItem","position":2,"name":"Precios de publicaci\u00f3n de proyectos en soyfreelancer.com"}]},{"@type":"WebSite","@id":"https:\/\/wp.soyfreelancer.com\/blog\/#website","url":"https:\/\/wp.soyfreelancer.com\/blog\/","name":"Soyfreelancer.com","description":"Soyfreelancer.com | Multiservicios en demanda","potentialAction":[{"@type":"SearchAction","target":{"@type":"EntryPoint","urlTemplate":"https:\/\/wp.soyfreelancer.com\/blog\/?s={search_term_string}"},"query-input":{"@type":"PropertyValueSpecification","valueRequired":true,"valueName":"search_term_string"}}],"inLanguage":"es"}]}},"_links":{"self":[{"href":"https:\/\/wp.soyfreelancer.com\/blog\/wp-json\/wp\/v2\/pages\/8251","targetHints":{"allow":["GET"]}}],"collection":[{"href":"https:\/\/wp.soyfreelancer.com\/blog\/wp-json\/wp\/v2\/pages"}],"about":[{"href":"https:\/\/wp.soyfreelancer.com\/blog\/wp-json\/wp\/v2\/types\/page"}],"author":[{"embeddable":true,"href":"https:\/\/wp.soyfreelancer.com\/blog\/wp-json\/wp\/v2\/users\/11"}],"replies":[{"embeddable":true,"href":"https:\/\/wp.soyfreelancer.com\/blog\/wp-json\/wp\/v2\/comments?post=8251"}],"version-history":[{"count":20,"href":"https:\/\/wp.soyfreelancer.com\/blog\/wp-json\/wp\/v2\/pages\/8251\/revisions"}],"predecessor-version":[{"id":13215,"href":"https:\/\/wp.soyfreelancer.com\/blog\/wp-json\/wp\/v2\/pages\/8251\/revisions\/13215"}],"wp:attachment":[{"href":"https:\/\/wp.soyfreelancer.com\/blog\/wp-json\/wp\/v2\/media?parent=8251"}],"wp:term":[{"taxonomy":"category","embeddable":true,"href":"https:\/\/wp.soyfreelancer.com\/blog\/wp-json\/wp\/v2\/categories?post=8251"},{"taxonomy":"post_tag","embeddable":true,"href":"https:\/\/wp.soyfreelancer.com\/blog\/wp-json\/wp\/v2\/tags?post=8251"}],"curies":[{"name":"wp","href":"https:\/\/api.w.org\/{rel}","templated":true}]}}