{"id":3841,"date":"2015-10-14T19:30:50","date_gmt":"2015-10-15T01:30:50","guid":{"rendered":"https:\/\/www.soyfreelancer.com\/blog\/?page_id=3841"},"modified":"2026-01-13T11:27:15","modified_gmt":"2026-01-13T17:27:15","slug":"infografia-pasos-para-publicar-proyectos","status":"publish","type":"page","link":"https:\/\/wp.soyfreelancer.com\/blog\/infografia-pasos-para-publicar-proyectos\/","title":{"rendered":"Pasos para publicar proyectos. C\u00f3mo funciona SoyFreelancer.com"},"content":{"rendered":"\n<h2 class=\"wp-block-heading\">Pasos para publicar proyectos en SoyFreelancer.com<\/h2>\n\n\n\n<p>Dale vida a tus ideas con ayuda de un freelancer, siguiendo estos pasos para publicar\u00a0proyectos en soyfreelancer.com\u00a0de forma f\u00e1cil y r\u00e1pida.<\/p>\n\n\n\n<ol class=\"wp-block-list\">\n<li><strong>Reg\u00edstrate<\/strong>\u00a0como cliente\u00a0en\u00a0<a href=\"https:\/\/www.soyfreelancer.com\/cliente\" target=\"_blank\" rel=\"noopener\">www.soyfreelancer.com<\/a>.\u00a0Una vez accedas a tu cuenta, haz clic en <strong><em>Publicar un proyecto<\/em><\/strong>, completa la informaci\u00f3n sobre lo que necesitas y coloca\u00a0un t\u00edtulo y las habilidades que debe tener el freelancer que deseas contratar.<\/li>\n\n\n\n<li><strong>Recibe propuestas y selecciona.\u00a0<\/strong>Tu proyecto ser\u00e1 visto por los freelancers con las habilidades necesarias para desarrollar tu idea, de acuerdo con tu solicitud. Podr\u00e1s elegir la mejor oferta con base en el\u00a0tiempo de entrega ofrecido, presupuesto, portafolio del freelancer y preferencias. Soyfreelancer.com reserva los fondos de tu pago, mientras el freelancer trabaja, y podr\u00e1s liberarlos a solicitud del freelancer cuando este entregue el trabajo terminado 100% a tu satisfacci\u00f3n.<\/li>\n\n\n\n<li><strong>Recibe tu trabajo y aprueba el pago:<\/strong>\u00a0Una vez terminado el trabajo, comprueba que todo est\u00e9 seg\u00fan lo acordado en la oferta que aceptaste, aprueba la liberaci\u00f3n de fondos al freelancer y el proyecto estar\u00e1 finalizado. No olvides dejarle tu rese\u00f1a y calificaci\u00f3n al freelancer\u00a0como referencia para otros clientes.<\/li>\n<\/ol>\n\n\n\n<h4 class=\"wp-block-heading\">\u00a1Registrarte en&nbsp;Soyfreelancer es muy sencillo!<\/h4>\n\n\n\n<p>Puedes hacerlo a trav\u00e9s de tu correo electr\u00f3nico. Para ello, se enviar\u00e1 un correo de validaci\u00f3n a tu bandeja de entrada y deber\u00e1s confirmar tu cuenta. Tambi\u00e9n, puedes registrarte de manera m\u00e1s r\u00e1pida con tu&nbsp;correo de Gmail.<\/p>\n\n\n\n<p>Si tienes dudas o consultas adicionales respecto a c\u00f3mo funciona SoyFreelancer.com, puedes encontrar la respuesta a la mayor\u00eda&nbsp;de consultas en&nbsp;<a href=\"https:\/\/www.soyfreelancer.com\/blog\/faq\/\" target=\"_blank\" rel=\"noopener\">Preguntas frecuentes.<\/a>&nbsp;Tambi\u00e9n te invitamos a leer nuestros <a href=\"https:\/\/www.soyfreelancer.com\/blog\/terminos-y-condiciones\/\" target=\"_blank\" rel=\"noopener\">T\u00e9rminos y condiciones<\/a>&nbsp;de uso.<\/p>\n\n\n\n<p>Si necesitas ayuda para comenzar a utilizar la plataforma o publicar un proyecto, cont\u00e1ctanos&nbsp;a&nbsp;soporte@soyfreelancer.com<\/p>\n","protected":false},"excerpt":{"rendered":"Pasos para publicar proyectos en SoyFreelancer.com Dale vida a tus ideas con ayuda de un freelancer, siguiendo estos pasos para publicar\u00a0proyectos en soyfreelancer.com\u00a0de forma f\u00e1cil y r\u00e1pida. \u00a1Registrarte en&nbsp;Soyfreelancer es muy sencillo! Puedes hacerlo a trav\u00e9s de tu correo electr\u00f3nico. Para ello, se enviar\u00e1 un correo de validaci\u00f3n a tu bandeja de entrada y deber\u00e1s&#8230; <a class=\"view-article\" href=\"https:\/\/wp.soyfreelancer.com\/blog\/infografia-pasos-para-publicar-proyectos\/\">Continuar leyendo<\/a>","protected":false},"author":11,"featured_media":0,"parent":0,"menu_order":0,"comment_status":"closed","ping_status":"closed","template":"","meta":{"_acf_changed":false,"footnotes":""},"categories":[],"tags":[511,1505,1471,1648,1647],"class_list":["post-3841","page","type-page","status-publish","hentry","tag-como-funciona","tag-contratar-freelance","tag-contratar-un-freelancer","tag-inforgrafia","tag-publicar-un-proyecto"],"acf":[],"yoast_head":"<!-- This site is optimized with the Yoast SEO plugin v27.4 - https:\/\/yoast.com\/product\/yoast-seo-wordpress\/ -->\n<title>Pasos para publicar proyectos. C\u00f3mo funciona SoyFreelancer.com<\/title>\n<meta name=\"description\" content=\"Infograf\u00eda resumen sobre c\u00f3mo funciona SoyFreelancer.com y los cu\u00e1les son los pasos para publicar un proyecto y contratar un freelancer.\" \/>\n<meta name=\"robots\" content=\"noindex, nofollow\" \/>\n<meta property=\"og:locale\" content=\"es_ES\" \/>\n<meta property=\"og:type\" content=\"article\" \/>\n<meta property=\"og:title\" content=\"Pasos para publicar proyectos. C\u00f3mo funciona SoyFreelancer.com\" \/>\n<meta property=\"og:description\" content=\"Infograf\u00eda resumen sobre c\u00f3mo funciona SoyFreelancer.com y los cu\u00e1les son los pasos para publicar un proyecto y contratar un freelancer.\" \/>\n<meta property=\"og:url\" content=\"https:\/\/wp.soyfreelancer.com\/blog\/infografia-pasos-para-publicar-proyectos\/\" \/>\n<meta property=\"og:site_name\" content=\"Soyfreelancer.com\" \/>\n<meta property=\"article:modified_time\" content=\"2026-01-13T17:27:15+00:00\" \/>\n<meta property=\"og:image\" content=\"http:\/\/34.75.45.37wp-content\/uploads\/2019\/09\/logo-blue-sf.png\" \/>\n<meta name=\"twitter:card\" content=\"summary_large_image\" \/>\n<meta name=\"twitter:label1\" content=\"Tiempo de lectura\" \/>\n\t<meta name=\"twitter:data1\" content=\"2 minutos\" \/>\n<script type=\"application\/ld+json\" class=\"yoast-schema-graph\">{\"@context\":\"https:\\\/\\\/schema.org\",\"@graph\":[{\"@type\":\"WebPage\",\"@id\":\"https:\\\/\\\/wp.soyfreelancer.com\\\/blog\\\/infografia-pasos-para-publicar-proyectos\\\/\",\"url\":\"https:\\\/\\\/wp.soyfreelancer.com\\\/blog\\\/infografia-pasos-para-publicar-proyectos\\\/\",\"name\":\"Pasos para publicar proyectos. C\u00f3mo funciona SoyFreelancer.com\",\"isPartOf\":{\"@id\":\"https:\\\/\\\/wp.soyfreelancer.com\\\/blog\\\/#website\"},\"datePublished\":\"2015-10-15T01:30:50+00:00\",\"dateModified\":\"2026-01-13T17:27:15+00:00\",\"description\":\"Infograf\u00eda resumen sobre c\u00f3mo funciona SoyFreelancer.com y los cu\u00e1les son los pasos para publicar un proyecto y contratar un freelancer.\",\"breadcrumb\":{\"@id\":\"https:\\\/\\\/wp.soyfreelancer.com\\\/blog\\\/infografia-pasos-para-publicar-proyectos\\\/#breadcrumb\"},\"inLanguage\":\"es\",\"potentialAction\":[{\"@type\":\"ReadAction\",\"target\":[\"https:\\\/\\\/wp.soyfreelancer.com\\\/blog\\\/infografia-pasos-para-publicar-proyectos\\\/\"]}]},{\"@type\":\"BreadcrumbList\",\"@id\":\"https:\\\/\\\/wp.soyfreelancer.com\\\/blog\\\/infografia-pasos-para-publicar-proyectos\\\/#breadcrumb\",\"itemListElement\":[{\"@type\":\"ListItem\",\"position\":1,\"name\":\"Portada\",\"item\":\"https:\\\/\\\/wp.soyfreelancer.com\\\/blog\\\/\"},{\"@type\":\"ListItem\",\"position\":2,\"name\":\"Pasos para publicar proyectos. C\u00f3mo funciona SoyFreelancer.com\"}]},{\"@type\":\"WebSite\",\"@id\":\"https:\\\/\\\/wp.soyfreelancer.com\\\/blog\\\/#website\",\"url\":\"https:\\\/\\\/wp.soyfreelancer.com\\\/blog\\\/\",\"name\":\"Soyfreelancer.com\",\"description\":\"Soyfreelancer.com | Multiservicios en demanda\",\"potentialAction\":[{\"@type\":\"SearchAction\",\"target\":{\"@type\":\"EntryPoint\",\"urlTemplate\":\"https:\\\/\\\/wp.soyfreelancer.com\\\/blog\\\/?s={search_term_string}\"},\"query-input\":{\"@type\":\"PropertyValueSpecification\",\"valueRequired\":true,\"valueName\":\"search_term_string\"}}],\"inLanguage\":\"es\"}]}<\/script>\n<!-- \/ Yoast SEO plugin. -->","yoast_head_json":{"title":"Pasos para publicar proyectos. C\u00f3mo funciona SoyFreelancer.com","description":"Infograf\u00eda resumen sobre c\u00f3mo funciona SoyFreelancer.com y los cu\u00e1les son los pasos para publicar un proyecto y contratar un freelancer.","robots":{"index":"noindex","follow":"nofollow"},"og_locale":"es_ES","og_type":"article","og_title":"Pasos para publicar proyectos. C\u00f3mo funciona SoyFreelancer.com","og_description":"Infograf\u00eda resumen sobre c\u00f3mo funciona SoyFreelancer.com y los cu\u00e1les son los pasos para publicar un proyecto y contratar un freelancer.","og_url":"https:\/\/wp.soyfreelancer.com\/blog\/infografia-pasos-para-publicar-proyectos\/","og_site_name":"Soyfreelancer.com","article_modified_time":"2026-01-13T17:27:15+00:00","og_image":[{"url":"http:\/\/34.75.45.37wp-content\/uploads\/2019\/09\/logo-blue-sf.png","type":"","width":"","height":""}],"twitter_card":"summary_large_image","twitter_misc":{"Tiempo de lectura":"2 minutos"},"schema":{"@context":"https:\/\/schema.org","@graph":[{"@type":"WebPage","@id":"https:\/\/wp.soyfreelancer.com\/blog\/infografia-pasos-para-publicar-proyectos\/","url":"https:\/\/wp.soyfreelancer.com\/blog\/infografia-pasos-para-publicar-proyectos\/","name":"Pasos para publicar proyectos. C\u00f3mo funciona SoyFreelancer.com","isPartOf":{"@id":"https:\/\/wp.soyfreelancer.com\/blog\/#website"},"datePublished":"2015-10-15T01:30:50+00:00","dateModified":"2026-01-13T17:27:15+00:00","description":"Infograf\u00eda resumen sobre c\u00f3mo funciona SoyFreelancer.com y los cu\u00e1les son los pasos para publicar un proyecto y contratar un freelancer.","breadcrumb":{"@id":"https:\/\/wp.soyfreelancer.com\/blog\/infografia-pasos-para-publicar-proyectos\/#breadcrumb"},"inLanguage":"es","potentialAction":[{"@type":"ReadAction","target":["https:\/\/wp.soyfreelancer.com\/blog\/infografia-pasos-para-publicar-proyectos\/"]}]},{"@type":"BreadcrumbList","@id":"https:\/\/wp.soyfreelancer.com\/blog\/infografia-pasos-para-publicar-proyectos\/#breadcrumb","itemListElement":[{"@type":"ListItem","position":1,"name":"Portada","item":"https:\/\/wp.soyfreelancer.com\/blog\/"},{"@type":"ListItem","position":2,"name":"Pasos para publicar proyectos. C\u00f3mo funciona SoyFreelancer.com"}]},{"@type":"WebSite","@id":"https:\/\/wp.soyfreelancer.com\/blog\/#website","url":"https:\/\/wp.soyfreelancer.com\/blog\/","name":"Soyfreelancer.com","description":"Soyfreelancer.com | Multiservicios en demanda","potentialAction":[{"@type":"SearchAction","target":{"@type":"EntryPoint","urlTemplate":"https:\/\/wp.soyfreelancer.com\/blog\/?s={search_term_string}"},"query-input":{"@type":"PropertyValueSpecification","valueRequired":true,"valueName":"search_term_string"}}],"inLanguage":"es"}]}},"_links":{"self":[{"href":"https:\/\/wp.soyfreelancer.com\/blog\/wp-json\/wp\/v2\/pages\/3841","targetHints":{"allow":["GET"]}}],"collection":[{"href":"https:\/\/wp.soyfreelancer.com\/blog\/wp-json\/wp\/v2\/pages"}],"about":[{"href":"https:\/\/wp.soyfreelancer.com\/blog\/wp-json\/wp\/v2\/types\/page"}],"author":[{"embeddable":true,"href":"https:\/\/wp.soyfreelancer.com\/blog\/wp-json\/wp\/v2\/users\/11"}],"replies":[{"embeddable":true,"href":"https:\/\/wp.soyfreelancer.com\/blog\/wp-json\/wp\/v2\/comments?post=3841"}],"version-history":[{"count":8,"href":"https:\/\/wp.soyfreelancer.com\/blog\/wp-json\/wp\/v2\/pages\/3841\/revisions"}],"predecessor-version":[{"id":13209,"href":"https:\/\/wp.soyfreelancer.com\/blog\/wp-json\/wp\/v2\/pages\/3841\/revisions\/13209"}],"wp:attachment":[{"href":"https:\/\/wp.soyfreelancer.com\/blog\/wp-json\/wp\/v2\/media?parent=3841"}],"wp:term":[{"taxonomy":"category","embeddable":true,"href":"https:\/\/wp.soyfreelancer.com\/blog\/wp-json\/wp\/v2\/categories?post=3841"},{"taxonomy":"post_tag","embeddable":true,"href":"https:\/\/wp.soyfreelancer.com\/blog\/wp-json\/wp\/v2\/tags?post=3841"}],"curies":[{"name":"wp","href":"https:\/\/api.w.org\/{rel}","templated":true}]}}