{"id":3821,"date":"2015-12-15T21:03:42","date_gmt":"2015-12-16T03:03:42","guid":{"rendered":"https:\/\/www.soyfreelancer.com\/blog\/?page_id=3821"},"modified":"2026-01-13T11:45:06","modified_gmt":"2026-01-13T17:45:06","slug":"preguntas-frecuentes","status":"publish","type":"page","link":"https:\/\/wp.soyfreelancer.com\/blog\/preguntas-frecuentes\/","title":{"rendered":"Preguntas frecuentes"},"content":{"rendered":"\n<p>Estas son&nbsp;algunas&nbsp;de las consultas m\u00e1s frecuentes sobre <a href=\"https:\/\/www.soyfreelancer.com\/blog\/faq\/que-es-soyfreelancer-com\/\" target=\"_blank\" rel=\"noopener\">qu\u00e9 es SoyFreelancer.com<\/a>, el uso de la plataforma y el costo de los servicios:<\/p>\n\n\n\n<ul class=\"wp-block-list\">\n<li><a href=\"#costo-publicacion\">\u00bfCu\u00e1nto cuesta publicar un proyecto?<\/a><\/li>\n\n\n\n<li><a href=\"#costo-contratacion\">\u00bfCu\u00e1nto cuesta contratar?<\/a><\/li>\n\n\n\n<li><a href=\"#negociar-precio\">\u00bfSe puede negociar con el freelancer?<\/a><\/li>\n\n\n\n<li><a href=\"#pago-contratar\">\u00bfC\u00f3mo se efect\u00faa el pago para contratar?<\/a><\/li>\n\n\n\n<li><a href=\"#factura\">\u00bfMe entregar\u00e1n una factura por los servicios?<\/a><\/li>\n\n\n\n<li><a href=\"#detalles-del-freelancer\">\u00bfSe detallan los datos del freelancer en el recibo?<\/a><\/li>\n\n\n\n<li><a href=\"#impuestos\">\u00bfLos ingresos se reportan a hacienda?<\/a><\/li>\n\n\n\n<li><a href=\"#cargos-a-tarjeta\">Cargos a la tarjeta<\/a><\/li>\n\n\n\n<li><a href=\"#pago-freelancer\">\u00bfComo recibe su pago el freelancer?<\/a><\/li>\n\n\n\n<li><a href=\"#comision\">Comisi\u00f3n\u00a0del sitio<\/a><\/li>\n\n\n\n<li><a href=\"#membresia-freelance\">Membres\u00edas freelance<\/a><\/li>\n<\/ul>\n\n\n\n<h2 class=\"wp-block-heading\" id=\"costo-publicacion\">\u00bfCu\u00e1nto cuesta publicar un proyecto?<\/h2>\n\n\n\n<p>La publicaci\u00f3n de nuevos proyectos es gratis. Los proyectos estar\u00e1n disponibles por 30 d\u00edas durante los cuales podr\u00e1s recibir propuestas y escoger la que m\u00e1s te convenga.&nbsp;Puedes&nbsp;destacar&nbsp;tu publicaci\u00f3n&nbsp;por 15 d\u00edas para recibir m\u00e1s propuestas y utilizar funciones adicionales como agenda de citas, chat abierto, adjuntar archivos y descargar curr\u00edculums de los freelancers, con la opci\u00f3n <strong>\u00c9lite<\/strong>, la cual est\u00e1&nbsp;disponible para selecci\u00f3n al momento de publicar tu proyecto. Tambi\u00e9n podr\u00e1s&nbsp;mejorarlo posteriormente a \u00c9lite cuando ya se encuentre publicado.<\/p>\n\n\n\n<p>Si deseas obtener mayor informaci\u00f3n sobre los precios de las publicaciones <strong>\u00c9lite<\/strong>, visita la secci\u00f3n <a href=\"https:\/\/www.soyfreelancer.com\/blog\/precios-de-publicacion-de-proyectos-freelance\/\" target=\"_blank\" rel=\"noopener\">Precios de publicaci\u00f3n de proyectos freelance<\/a>.<\/p>\n\n\n\n<h2 class=\"wp-block-heading\" id=\"costo-contratacion\">\u00bfCu\u00e1nto le cuesta al cliente contratar a un freelancer?<\/h2>\n\n\n\n<p>El cliente paga el monto que el freelancer disponga cobrar por los servicios que proporcionar\u00e1. Los precios var\u00edan dependiendo del&nbsp;proyecto y de cada freelancer.<\/p>\n\n\n\n<h2 class=\"wp-block-heading\" id=\"negociar-precio\">\u00bfSe puede negociar con el freelancer el precio ofertado?<\/h2>\n\n\n\n<p>As\u00ed es. Se puede negociar el precio con la funci\u00f3n de Contraofertar, con la que podr\u00e1s enviar una contrapropuesta de precio y condiciones del servicio al freelancer a trav\u00e9s de un mensaje que el freelancer podr\u00e1 aceptar, rechazar o contraofertar nuevamente.<\/p>\n\n\n\n<p>Dentro de la propuesta de cada freelancer existe una casilla de mensajes. Desde all\u00ed, puedes hacer preguntas al freelancer, caracter\u00edsticas del trabajo que realizar\u00e1, fechas de entrega y dem\u00e1s elementos que consideres necesarios para que haya una entera satisfacci\u00f3n con los entregables del proyecto. Ten en cuenta que el freelancer deber\u00e1 modificar su propuesta antes de ser seleccionado seg\u00fan los acuerdos establecidos en la negociaci\u00f3n, una vez realizado el pago, no se podr\u00e1 modificar.<\/p>\n\n\n\n<h2 class=\"wp-block-heading\" id=\"pago-contratar\">\u00bfC\u00f3mo se efect\u00faa el pago para contratar?<\/h2>\n\n\n\n<p>El pago se efect\u00faa mediante PayPal o mediante tarjeta de cr\u00e9dito o d\u00e9bito, al momento de contratar al freelancer seleccionado. El dinero queda reservado como fondo en garant\u00eda, que permite al cliente liberarlo hasta que el&nbsp;trabajo est\u00e1 terminado a su entera satisfacci\u00f3n.<\/p>\n\n\n\n<p>De no ser posible el pago a trav\u00e9s de la pasarela se puede realizar&nbsp;hacer el pago mediante dep\u00f3sito a una cuenta bancaria, los fondos quedan igualmente&nbsp;en garant\u00eda hasta que el trabajo finaliza y el cliente da por aceptado el trabajo.<\/p>\n\n\n\n<h2 class=\"wp-block-heading\" id=\"factura\">\u00bfMe entregar\u00e1n una factura por los servicios contratados?<\/h2>\n\n\n\n<p>Se genera un recibo simple cuando se genera un pago al contratar a un freelancer o subir a \u00c9lite un proyecto. Es enviado en correos separados al cliente, tanto por el valor del servicio contratado como por el servicio de escrow o dep\u00f3sito en garant\u00eda (no rembolsable).<\/p>\n\n\n\n<p>A solicitud del cliente, se extender\u00e1 factura de exportaci\u00f3n para todos los pa\u00edses. Para la emisi\u00f3n de estas, se solicitar\u00e1 al cliente sus datos de facturaci\u00f3n:<\/p>\n\n\n\n<ul class=\"wp-block-list\">\n<li>Raz\u00f3n social<\/li>\n\n\n\n<li>Giro del negocio<\/li>\n\n\n\n<li>N\u00famero de identificaci\u00f3n tributaria o registro fiscal<\/li>\n\n\n\n<li>Direcci\u00f3n f\u00edsica (no puede ser un buz\u00f3n postal)<\/li>\n\n\n\n<li>Tel\u00e9fono fijo de la empresa<\/li>\n\n\n\n<li>Nombre de contacto encargado de la contrataci\u00f3n<\/li>\n<\/ul>\n\n\n\n<h2 class=\"wp-block-heading\" id=\"detalles-del-freelancer\">\u00bfEn el recibo se detallan los datos del freelancer que brind\u00f3 el servicio?<\/h2>\n\n\n\n<p>El recibo de pago es emitido por SoyFreelancer.com&nbsp; y contiene todos los datos necesarios para realizar las respectivas retenciones de impuestos y deducci\u00f3n de costos de operaci\u00f3n del cliente.<\/p>\n\n\n\n<h2 class=\"wp-block-heading\">\u00bfEstos pagos se reportan a Hacienda?<\/h2>\n\n\n\n<p>Es responsabilidad del cliente reportar al Ministerio de Hacienda el pago de los servicios profesionales contratados. SoyFreelancer.com declara impuestos de acuerdo con la normativa y leyes establecidas en su pa\u00eds sede.<\/p>\n\n\n\n<h2 class=\"wp-block-heading\" id=\"cargos-a-tarjeta\">\u00bfMi tarjeta de cr\u00e9dito se cargar\u00e1 con&nbsp;el importe cobrado por el freelancer al momento de reservar los fondos?<\/h2>\n\n\n\n<p>As\u00ed es, el pago se carga a la tarjeta al momento de contratar. El dinero est\u00e1 seguro con el sistema de reserva de fondos, el cual te garantiza que el monto ser\u00e1 liberado al freelancer solamente cuando apruebes el proyecto a tu entera satisfacci\u00f3n.<\/p>\n\n\n\n<h2 class=\"wp-block-heading\" id=\"pago-freelancer\">\u00bfC\u00f3mo recibe su pago el freelancer contratado?<\/h2>\n\n\n\n<p>Una vez que el cliente ha dado por aceptado el trabajo realizado, procede a liberar los fondos en escrow. El profesional contratado recibe el&nbsp;pago a trav\u00e9s de PayPal. Para ello, debe asociar a cualquiera de dichos servicios una cuenta bancaria o tarjeta para retirar fondos en su respectivo pa\u00eds. El freelancer debe detallar en su cuenta de SoyFreelancer el correo electr\u00f3nico con el que se encuentra registrado en PayPal para recibir los pagos correspondientes.<\/p>\n\n\n\n<h2 class=\"wp-block-heading\" id=\"comision\">Comisi\u00f3n del sitio<\/h2>\n\n\n\n<p>Al momento de realizar el desembolso al freelancer, se le descontar\u00e1 una comisi\u00f3n del 20% sobre el presupuesto total del proyecto (Comisi\u00f3n m\u00ednima USD$10.00). Esta comisi\u00f3n est\u00e1 especificada en el formulario que el freelancer llena al aplicar al proyecto. Al contratar a trav\u00e9s del sitio, esta comisi\u00f3n es cobrada al cliente junto con el precio de los servicios del freelancer. El monto de la comisi\u00f3n por uso de la plataforma no es reembolsable.<\/p>\n\n\n\n<p>El 20% es un valor neto y lleva incluido cualquier impuesto aplicable a la ley (Comisi\u00f3n m\u00ednima USD$10.00).<\/p>\n\n\n\n<p><span style=\"color: #ff0000;\"><strong>&nbsp;<\/strong><\/span>Las ofertas&nbsp;enviadas por el freelancer&nbsp;<strong>antes<\/strong>&nbsp;de su suscripci\u00f3n como usuario \u00c9lite&nbsp;mantienen&nbsp;las&nbsp;caracter\u00edsticas&nbsp;y comisi\u00f3n Scout, como se detalla en el punto siguiente.<\/p>\n\n\n\n<h2 class=\"wp-block-heading\" id=\"pago-freelancer\">\u00bfExiste una membres\u00eda o cuenta mejorada para los freelancers?<\/h2>\n\n\n\n<p>El registro en SoyFreelancer.com es gratuito para todos los usuarios. Cuando te registras como freelancer&nbsp;se te asigna una cuenta Scout, que te permite crear tu portafolio en l\u00ednea&nbsp;y subir un curr\u00edculum. Podr\u00e1s ver todos los proyectos publicados por los posibles clientes y aplicar a ellos en la secci\u00f3n Proyectos. La cuenta Scout te permite aplicar a un proyecto por d\u00eda.<\/p>\n\n\n\n<p>Si deseas a\u00fan m\u00e1s beneficios, puedes elegir la <a href=\"https:\/\/www.soyfreelancer.com\/membresias\" target=\"_blank\" rel=\"noopener\">cuenta <strong>\u00c9lite<\/strong><\/a>, por un valor desde USD $9.99 mensuales. Con la cuenta <strong>\u00c9lite<\/strong> obtendr\u00e1s los siguientes beneficios:<\/p>\n\n\n\n<ul class=\"wp-block-list\">\n<li>Portafolio ilimitado<\/li>\n\n\n\n<li>Mayor visibilidad en las b\u00fasquedas<\/li>\n\n\n\n<li>Mayor visibilidad en tus aplicaciones a proyectos<\/li>\n\n\n\n<li>Adjuntar archivos a tus ofertas<\/li>\n\n\n\n<li>Acceso temprano a ofertas, promociones y descargas exclusivas.<\/li>\n\n\n\n<li>Comisi\u00f3n de solo el 10% de descuento sobre proyectos.<\/li>\n<\/ul>\n\n\n\n<p><span style=\"color: #ff0000;\"><strong>Aclaraci\u00f3n importante:&nbsp;<\/strong><span style=\"color: #000000;\">Cualquier oferta por el freelancer enviada como usuario Scout mantienen sus caracter\u00edsticas incluso si despu\u00e9s se suscribe a \u00c9LITE, por lo que al editarla no se podr\u00e1 adjuntar archivos y se mantendr\u00e1 el descuento por comisi\u00f3n del 20%<\/span><\/span>. El descuento&nbsp;reducido as\u00ed como la posibilidad de adjuntar archivos a las propuestas aplicar\u00e1 \u00fanicamente a aquellas enviadas despu\u00e9s de&nbsp;suscribir su&nbsp;cuenta a&nbsp;<a href=\"https:\/\/www.soyfreelancer.com\/membresias\" target=\"_blank\" rel=\"noopener\">\u00c9lite&nbsp;<\/a>y solo mientras esta suscripci\u00f3n tenga vigencia.<\/p>\n\n\n\n<p>Si tienes m\u00e1s consultas acerca del funcionamiento de nuestra plataforma, puedes escribirnos a soporte@soyfreelancer.com<\/p>\n\n\n\n<p>Haz m\u00e1s y obt\u00e9n mayor productividad. Ahorra tiempo y dinero. Reg\u00edstrate&nbsp;gratis en <a href=\"https:\/\/www.soyfreelancer.com\/\" target=\"_blank\" rel=\"noopener\">SoyFreelancer.com<\/a>.<\/p>\n","protected":false},"excerpt":{"rendered":"Estas son&nbsp;algunas&nbsp;de las consultas m\u00e1s frecuentes sobre qu\u00e9 es SoyFreelancer.com, el uso de la plataforma y el costo de los servicios: \u00bfCu\u00e1nto cuesta publicar un proyecto? La publicaci\u00f3n de nuevos proyectos es gratis. Los proyectos estar\u00e1n disponibles por 30 d\u00edas durante los cuales podr\u00e1s recibir propuestas y escoger la que m\u00e1s te convenga.&nbsp;Puedes&nbsp;destacar&nbsp;tu publicaci\u00f3n&nbsp;por 15&#8230; <a class=\"view-article\" href=\"https:\/\/wp.soyfreelancer.com\/blog\/preguntas-frecuentes\/\">Continuar leyendo<\/a>","protected":false},"author":11,"featured_media":0,"parent":0,"menu_order":0,"comment_status":"closed","ping_status":"closed","template":"","meta":{"_acf_changed":false,"footnotes":""},"categories":[],"tags":[2119,2120,471,2121],"class_list":["post-3821","page","type-page","status-publish","hentry","tag-faq","tag-faqs","tag-preguntas-frecuentes","tag-pregunts-frecuentes-soyfreelancer-com"],"acf":[],"yoast_head":"<!-- This site is optimized with the Yoast SEO plugin v27.4 - https:\/\/yoast.com\/product\/yoast-seo-wordpress\/ -->\n<title>Preguntas frecuentes | SoyFreelancer.com<\/title>\n<meta name=\"description\" content=\"Respondemos algunas de las preguntas m\u00e1s frecuentes que recibimos de parte de los usuarios registrados en SoyFreelancer.com respecto a nuestra plataforma\" \/>\n<meta name=\"robots\" content=\"index, follow, max-snippet:-1, max-image-preview:large, max-video-preview:-1\" \/>\n<link rel=\"canonical\" href=\"https:\/\/wp.soyfreelancer.com\/blog\/preguntas-frecuentes\/\" \/>\n<meta property=\"og:locale\" content=\"es_ES\" \/>\n<meta property=\"og:type\" content=\"article\" \/>\n<meta property=\"og:title\" content=\"Preguntas frecuentes | SoyFreelancer.com\" \/>\n<meta property=\"og:description\" content=\"Respondemos algunas de las preguntas m\u00e1s frecuentes que recibimos de parte de los usuarios registrados en SoyFreelancer.com respecto a nuestra plataforma\" \/>\n<meta property=\"og:url\" content=\"https:\/\/wp.soyfreelancer.com\/blog\/preguntas-frecuentes\/\" \/>\n<meta property=\"og:site_name\" content=\"Soyfreelancer.com\" \/>\n<meta property=\"article:modified_time\" content=\"2026-01-13T17:45:06+00:00\" \/>\n<meta property=\"og:image\" content=\"http:\/\/34.75.45.37wp-content\/uploads\/2019\/09\/logo-blue-sf.png\" \/>\n<meta name=\"twitter:card\" content=\"summary_large_image\" \/>\n<meta name=\"twitter:label1\" content=\"Tiempo de lectura\" \/>\n\t<meta name=\"twitter:data1\" content=\"6 minutos\" \/>\n<script type=\"application\/ld+json\" class=\"yoast-schema-graph\">{\"@context\":\"https:\\\/\\\/schema.org\",\"@graph\":[{\"@type\":\"WebPage\",\"@id\":\"https:\\\/\\\/wp.soyfreelancer.com\\\/blog\\\/preguntas-frecuentes\\\/\",\"url\":\"https:\\\/\\\/wp.soyfreelancer.com\\\/blog\\\/preguntas-frecuentes\\\/\",\"name\":\"Preguntas frecuentes | SoyFreelancer.com\",\"isPartOf\":{\"@id\":\"https:\\\/\\\/wp.soyfreelancer.com\\\/blog\\\/#website\"},\"datePublished\":\"2015-12-16T03:03:42+00:00\",\"dateModified\":\"2026-01-13T17:45:06+00:00\",\"description\":\"Respondemos algunas de las preguntas m\u00e1s frecuentes que recibimos de parte de los usuarios registrados en SoyFreelancer.com respecto a nuestra plataforma\",\"breadcrumb\":{\"@id\":\"https:\\\/\\\/wp.soyfreelancer.com\\\/blog\\\/preguntas-frecuentes\\\/#breadcrumb\"},\"inLanguage\":\"es\",\"potentialAction\":[{\"@type\":\"ReadAction\",\"target\":[\"https:\\\/\\\/wp.soyfreelancer.com\\\/blog\\\/preguntas-frecuentes\\\/\"]}]},{\"@type\":\"BreadcrumbList\",\"@id\":\"https:\\\/\\\/wp.soyfreelancer.com\\\/blog\\\/preguntas-frecuentes\\\/#breadcrumb\",\"itemListElement\":[{\"@type\":\"ListItem\",\"position\":1,\"name\":\"Portada\",\"item\":\"https:\\\/\\\/wp.soyfreelancer.com\\\/blog\\\/\"},{\"@type\":\"ListItem\",\"position\":2,\"name\":\"Preguntas frecuentes\"}]},{\"@type\":\"WebSite\",\"@id\":\"https:\\\/\\\/wp.soyfreelancer.com\\\/blog\\\/#website\",\"url\":\"https:\\\/\\\/wp.soyfreelancer.com\\\/blog\\\/\",\"name\":\"Soyfreelancer.com\",\"description\":\"Soyfreelancer.com | Multiservicios en demanda\",\"potentialAction\":[{\"@type\":\"SearchAction\",\"target\":{\"@type\":\"EntryPoint\",\"urlTemplate\":\"https:\\\/\\\/wp.soyfreelancer.com\\\/blog\\\/?s={search_term_string}\"},\"query-input\":{\"@type\":\"PropertyValueSpecification\",\"valueRequired\":true,\"valueName\":\"search_term_string\"}}],\"inLanguage\":\"es\"}]}<\/script>\n<!-- \/ Yoast SEO plugin. -->","yoast_head_json":{"title":"Preguntas frecuentes | SoyFreelancer.com","description":"Respondemos algunas de las preguntas m\u00e1s frecuentes que recibimos de parte de los usuarios registrados en SoyFreelancer.com respecto a nuestra plataforma","robots":{"index":"index","follow":"follow","max-snippet":"max-snippet:-1","max-image-preview":"max-image-preview:large","max-video-preview":"max-video-preview:-1"},"canonical":"https:\/\/wp.soyfreelancer.com\/blog\/preguntas-frecuentes\/","og_locale":"es_ES","og_type":"article","og_title":"Preguntas frecuentes | SoyFreelancer.com","og_description":"Respondemos algunas de las preguntas m\u00e1s frecuentes que recibimos de parte de los usuarios registrados en SoyFreelancer.com respecto a nuestra plataforma","og_url":"https:\/\/wp.soyfreelancer.com\/blog\/preguntas-frecuentes\/","og_site_name":"Soyfreelancer.com","article_modified_time":"2026-01-13T17:45:06+00:00","og_image":[{"url":"http:\/\/34.75.45.37wp-content\/uploads\/2019\/09\/logo-blue-sf.png","type":"","width":"","height":""}],"twitter_card":"summary_large_image","twitter_misc":{"Tiempo de lectura":"6 minutos"},"schema":{"@context":"https:\/\/schema.org","@graph":[{"@type":"WebPage","@id":"https:\/\/wp.soyfreelancer.com\/blog\/preguntas-frecuentes\/","url":"https:\/\/wp.soyfreelancer.com\/blog\/preguntas-frecuentes\/","name":"Preguntas frecuentes | SoyFreelancer.com","isPartOf":{"@id":"https:\/\/wp.soyfreelancer.com\/blog\/#website"},"datePublished":"2015-12-16T03:03:42+00:00","dateModified":"2026-01-13T17:45:06+00:00","description":"Respondemos algunas de las preguntas m\u00e1s frecuentes que recibimos de parte de los usuarios registrados en SoyFreelancer.com respecto a nuestra plataforma","breadcrumb":{"@id":"https:\/\/wp.soyfreelancer.com\/blog\/preguntas-frecuentes\/#breadcrumb"},"inLanguage":"es","potentialAction":[{"@type":"ReadAction","target":["https:\/\/wp.soyfreelancer.com\/blog\/preguntas-frecuentes\/"]}]},{"@type":"BreadcrumbList","@id":"https:\/\/wp.soyfreelancer.com\/blog\/preguntas-frecuentes\/#breadcrumb","itemListElement":[{"@type":"ListItem","position":1,"name":"Portada","item":"https:\/\/wp.soyfreelancer.com\/blog\/"},{"@type":"ListItem","position":2,"name":"Preguntas frecuentes"}]},{"@type":"WebSite","@id":"https:\/\/wp.soyfreelancer.com\/blog\/#website","url":"https:\/\/wp.soyfreelancer.com\/blog\/","name":"Soyfreelancer.com","description":"Soyfreelancer.com | Multiservicios en demanda","potentialAction":[{"@type":"SearchAction","target":{"@type":"EntryPoint","urlTemplate":"https:\/\/wp.soyfreelancer.com\/blog\/?s={search_term_string}"},"query-input":{"@type":"PropertyValueSpecification","valueRequired":true,"valueName":"search_term_string"}}],"inLanguage":"es"}]}},"_links":{"self":[{"href":"https:\/\/wp.soyfreelancer.com\/blog\/wp-json\/wp\/v2\/pages\/3821","targetHints":{"allow":["GET"]}}],"collection":[{"href":"https:\/\/wp.soyfreelancer.com\/blog\/wp-json\/wp\/v2\/pages"}],"about":[{"href":"https:\/\/wp.soyfreelancer.com\/blog\/wp-json\/wp\/v2\/types\/page"}],"author":[{"embeddable":true,"href":"https:\/\/wp.soyfreelancer.com\/blog\/wp-json\/wp\/v2\/users\/11"}],"replies":[{"embeddable":true,"href":"https:\/\/wp.soyfreelancer.com\/blog\/wp-json\/wp\/v2\/comments?post=3821"}],"version-history":[{"count":15,"href":"https:\/\/wp.soyfreelancer.com\/blog\/wp-json\/wp\/v2\/pages\/3821\/revisions"}],"predecessor-version":[{"id":13213,"href":"https:\/\/wp.soyfreelancer.com\/blog\/wp-json\/wp\/v2\/pages\/3821\/revisions\/13213"}],"wp:attachment":[{"href":"https:\/\/wp.soyfreelancer.com\/blog\/wp-json\/wp\/v2\/media?parent=3821"}],"wp:term":[{"taxonomy":"category","embeddable":true,"href":"https:\/\/wp.soyfreelancer.com\/blog\/wp-json\/wp\/v2\/categories?post=3821"},{"taxonomy":"post_tag","embeddable":true,"href":"https:\/\/wp.soyfreelancer.com\/blog\/wp-json\/wp\/v2\/tags?post=3821"}],"curies":[{"name":"wp","href":"https:\/\/api.w.org\/{rel}","templated":true}]}}