{"id":3721,"date":"2015-10-12T19:59:27","date_gmt":"2015-10-13T01:59:27","guid":{"rendered":"https:\/\/www.soyfreelancer.com\/blog\/?page_id=3721"},"modified":"2023-09-27T12:00:17","modified_gmt":"2023-09-27T18:00:17","slug":"caso-de-exito-microsoft-bizspark","status":"publish","type":"page","link":"https:\/\/wp.soyfreelancer.com\/blog\/caso-de-exito-microsoft-bizspark\/","title":{"rendered":"Caso de \u00e9xito Microsoft BizSpark: SoyFreelancer.com"},"content":{"rendered":"<div class=\"video-container\" style=\"text-align: center; margin-bottom: 30px;\"><iframe loading=\"lazy\" src=\"https:\/\/www.youtube.com\/embed\/L2fd8_khVEM?rel=0&amp;showinfo=0\" width=\"1280\" height=\"530\" frameborder=\"0\" allowfullscreen=\"allowfullscreen\"><\/iframe><\/div>\n<p>SoyFreelancer.com es una plataforma de trabajo en colaboraci\u00f3n distribuida donde los profesionales independientes pueden ofrecer sus servicios a empresas o personas que lo requieran, generando valor mediante el intercambio de beneficios proveedor &#8211; cliente.<\/p>\n<p>La plataforma permite al trabajador freelancer crear un portafolio en l\u00ednea donde puede subir su hoja de vida y enlistar las habilidades y conocimientos que posee en cualquier \u00e1rea profesional, con el fin de dar a conocer sus servicios: consultor\u00eda, asistencia t\u00e9cnica, reparaci\u00f3n de equipos, programaci\u00f3n, redacci\u00f3n, dise\u00f1o gr\u00e1fico o cualquier otro servicio que pueda subcontratarse.<\/p>\n<p>Para las empresas o personas que necesitan los servicios de un profesional independiente, SoyFreelancer.com ofrece una plataforma ideal para publicar sus proyectos detallando sus requerimientos, mediante la cual todos los profesionales en dicha \u00e1rea pueden ofrecer propuestas, compitiendo entre s\u00ed en cuanto a servicio, precio, tiempo de entrega y calidad del trabajo. El contratante eval\u00faa las propuestas y elige la que mejor se ajuste a su solicitud.<\/p>\n<p>La interfaz est\u00e1 dise\u00f1ada para dar un seguimiento completo al proceso de avance de los proyectos en ejecuci\u00f3n, desde la lista de tareas a completar hasta el pago al freelancer seleccionado.<\/p>\n<p>La propuesta de valor es que el usuario puede ejecutar proyectos acordes con sus habilidades, sin importar si cuentan con un empleo formal o si se trata de un profesional independiente; el objetivo es que pueda trabajar, incluso en su tiempo libre o desde su casa, en proyectos que le apasionan y en los cuales es experto.<\/p>\n<p>Un factor fundamental para poder iniciar el proyecto era contar con la tecnolog\u00eda y las herramientas adecuadas para su desarrollo, tomando en cuenta desde el lenguaje de programaci\u00f3n hasta la infraestructura de hardware que se utilizar\u00eda, as\u00ed como la inclusi\u00f3n de elementos orientados a brindar un mejor servicio a los usuarios, como notificaciones en tiempo real, ejecuciones de procesos en cola, almacenamiento, redes virtuales, env\u00edo de correo electr\u00f3nico masivo, entre otros.<\/p>\n<p>Desde la perspectiva de proyecto, se buscaba desarrollar la plataforma bajo un ambiente real con la posibilidad de hacer pruebas como si se estuviese en ejecuci\u00f3n, para cubrir cualquier posible falla y no tener sorpresas al terminar el proyecto.<\/p>\n<p>Despu\u00e9s de buscar y comparar diferentes soluciones, nos encontramos con BizSpark de Microsoft, un programa dirigido a las nuevas empresas de servicios que requieran una infraestructura en la nube, y que incluye, entre muchos otros beneficios, herramientas de desarrollo, licencia de hosting y tecnolog\u00edas de plataforma, adem\u00e1s de soporte t\u00e9cnico profesional y visibilidad de cara a clientes e inversores potenciales.<br \/>\nBizSpark fue la pieza clave para completar el rompecabezas e iniciar, ya que al principio no se requer\u00edan demasiados recursos y era necesario mantener un bajo coste econ\u00f3mico.<\/p>\n<p>Una de las ventajas del programa es el acceso al servicio de nube de Microsoft Azure, el cual que ofrece una amplia colecci\u00f3n de servicios integrados, como almacenamientos h\u00edbridos, bases de datos, an\u00e1lisis, cifrado de datos, entre otros.<br \/>\nLa filosof\u00eda de Microsoft Azure de pago por consumo permite escalar o reducir los servicios con rapidez para adaptarse a la necesidad y demanda del usuario, ofreciendo as\u00ed la flexibilidad que se requiere como emprendedor al iniciar un nuevo proyecto.<br \/>\nMicrosoft Azure permite ejecutar aplicaciones de c\u00f3digo .NET en la nube y soporta una variedad de lenguajes de programaci\u00f3n, como C# y JavaScript, con los que se desarroll\u00f3 SoyFreelancer.com<\/p>\n<p>Gracias al programa BizSpark de Microsoft, fue posible finalizar el proyecto y lanzarlo al mercado centroamericano, confiando plenamente en la tecnolog\u00eda Microsoft para potenciar una plataforma de primer mundo que pretende tener un impacto econ\u00f3mico a nivel social en la regi\u00f3n para los usuarios, con la implementaci\u00f3n del trabajo 2.0.<\/p>\n","protected":false},"excerpt":{"rendered":"SoyFreelancer.com es una plataforma de trabajo en colaboraci\u00f3n distribuida donde los profesionales independientes pueden ofrecer sus servicios a empresas o personas que lo requieran, generando valor mediante el intercambio de beneficios proveedor &#8211; cliente. La plataforma permite al trabajador freelancer crear un portafolio en l\u00ednea donde puede subir su hoja de vida y enlistar las&#8230; <a class=\"view-article\" href=\"https:\/\/wp.soyfreelancer.com\/blog\/caso-de-exito-microsoft-bizspark\/\">Continuar leyendo<\/a>","protected":false},"author":11,"featured_media":0,"parent":0,"menu_order":0,"comment_status":"closed","ping_status":"closed","template":"","meta":{"_acf_changed":false,"footnotes":""},"categories":[],"tags":[],"class_list":["post-3721","page","type-page","status-publish","hentry"],"acf":[],"yoast_head":"<!-- This site is optimized with the Yoast SEO plugin v27.4 - https:\/\/yoast.com\/product\/yoast-seo-wordpress\/ -->\n<title>Caso de \u00e9xito Microsoft BizSpark: SoyFreelancer.com<\/title>\n<meta name=\"description\" content=\"SoyFreelancer.com es una plataforma de trabajo freelance donde los profesionales independientes pueden ofrecer sus servicios a empresas y particulares.\" \/>\n<meta name=\"robots\" content=\"noindex, nofollow\" \/>\n<meta property=\"og:locale\" content=\"es_ES\" \/>\n<meta property=\"og:type\" content=\"article\" \/>\n<meta property=\"og:title\" content=\"Caso de \u00e9xito Microsoft BizSpark: SoyFreelancer.com\" \/>\n<meta property=\"og:description\" content=\"SoyFreelancer.com es una plataforma de trabajo freelance donde los profesionales independientes pueden ofrecer sus servicios a empresas y particulares.\" \/>\n<meta property=\"og:url\" content=\"https:\/\/wp.soyfreelancer.com\/blog\/caso-de-exito-microsoft-bizspark\/\" \/>\n<meta property=\"og:site_name\" content=\"Soyfreelancer.com\" \/>\n<meta property=\"article:modified_time\" content=\"2023-09-27T18:00:17+00:00\" \/>\n<meta property=\"og:image\" content=\"http:\/\/34.75.45.37wp-content\/uploads\/2019\/09\/logo-blue-sf.png\" \/>\n<meta name=\"twitter:card\" content=\"summary_large_image\" \/>\n<meta name=\"twitter:label1\" content=\"Tiempo de lectura\" \/>\n\t<meta name=\"twitter:data1\" content=\"3 minutos\" \/>\n<script type=\"application\/ld+json\" class=\"yoast-schema-graph\">{\"@context\":\"https:\\\/\\\/schema.org\",\"@graph\":[{\"@type\":\"WebPage\",\"@id\":\"https:\\\/\\\/wp.soyfreelancer.com\\\/blog\\\/caso-de-exito-microsoft-bizspark\\\/\",\"url\":\"https:\\\/\\\/wp.soyfreelancer.com\\\/blog\\\/caso-de-exito-microsoft-bizspark\\\/\",\"name\":\"Caso de \u00e9xito Microsoft BizSpark: SoyFreelancer.com\",\"isPartOf\":{\"@id\":\"https:\\\/\\\/wp.soyfreelancer.com\\\/blog\\\/#website\"},\"datePublished\":\"2015-10-13T01:59:27+00:00\",\"dateModified\":\"2023-09-27T18:00:17+00:00\",\"description\":\"SoyFreelancer.com es una plataforma de trabajo freelance donde los profesionales independientes pueden ofrecer sus servicios a empresas y particulares.\",\"breadcrumb\":{\"@id\":\"https:\\\/\\\/wp.soyfreelancer.com\\\/blog\\\/caso-de-exito-microsoft-bizspark\\\/#breadcrumb\"},\"inLanguage\":\"es\",\"potentialAction\":[{\"@type\":\"ReadAction\",\"target\":[\"https:\\\/\\\/wp.soyfreelancer.com\\\/blog\\\/caso-de-exito-microsoft-bizspark\\\/\"]}]},{\"@type\":\"BreadcrumbList\",\"@id\":\"https:\\\/\\\/wp.soyfreelancer.com\\\/blog\\\/caso-de-exito-microsoft-bizspark\\\/#breadcrumb\",\"itemListElement\":[{\"@type\":\"ListItem\",\"position\":1,\"name\":\"Portada\",\"item\":\"https:\\\/\\\/wp.soyfreelancer.com\\\/blog\\\/\"},{\"@type\":\"ListItem\",\"position\":2,\"name\":\"Caso de \u00e9xito Microsoft BizSpark: SoyFreelancer.com\"}]},{\"@type\":\"WebSite\",\"@id\":\"https:\\\/\\\/wp.soyfreelancer.com\\\/blog\\\/#website\",\"url\":\"https:\\\/\\\/wp.soyfreelancer.com\\\/blog\\\/\",\"name\":\"Soyfreelancer.com\",\"description\":\"Soyfreelancer.com | Multiservicios en demanda\",\"potentialAction\":[{\"@type\":\"SearchAction\",\"target\":{\"@type\":\"EntryPoint\",\"urlTemplate\":\"https:\\\/\\\/wp.soyfreelancer.com\\\/blog\\\/?s={search_term_string}\"},\"query-input\":{\"@type\":\"PropertyValueSpecification\",\"valueRequired\":true,\"valueName\":\"search_term_string\"}}],\"inLanguage\":\"es\"}]}<\/script>\n<!-- \/ Yoast SEO plugin. -->","yoast_head_json":{"title":"Caso de \u00e9xito Microsoft BizSpark: SoyFreelancer.com","description":"SoyFreelancer.com es una plataforma de trabajo freelance donde los profesionales independientes pueden ofrecer sus servicios a empresas y particulares.","robots":{"index":"noindex","follow":"nofollow"},"og_locale":"es_ES","og_type":"article","og_title":"Caso de \u00e9xito Microsoft BizSpark: SoyFreelancer.com","og_description":"SoyFreelancer.com es una plataforma de trabajo freelance donde los profesionales independientes pueden ofrecer sus servicios a empresas y particulares.","og_url":"https:\/\/wp.soyfreelancer.com\/blog\/caso-de-exito-microsoft-bizspark\/","og_site_name":"Soyfreelancer.com","article_modified_time":"2023-09-27T18:00:17+00:00","og_image":[{"url":"http:\/\/34.75.45.37wp-content\/uploads\/2019\/09\/logo-blue-sf.png","type":"","width":"","height":""}],"twitter_card":"summary_large_image","twitter_misc":{"Tiempo de lectura":"3 minutos"},"schema":{"@context":"https:\/\/schema.org","@graph":[{"@type":"WebPage","@id":"https:\/\/wp.soyfreelancer.com\/blog\/caso-de-exito-microsoft-bizspark\/","url":"https:\/\/wp.soyfreelancer.com\/blog\/caso-de-exito-microsoft-bizspark\/","name":"Caso de \u00e9xito Microsoft BizSpark: SoyFreelancer.com","isPartOf":{"@id":"https:\/\/wp.soyfreelancer.com\/blog\/#website"},"datePublished":"2015-10-13T01:59:27+00:00","dateModified":"2023-09-27T18:00:17+00:00","description":"SoyFreelancer.com es una plataforma de trabajo freelance donde los profesionales independientes pueden ofrecer sus servicios a empresas y particulares.","breadcrumb":{"@id":"https:\/\/wp.soyfreelancer.com\/blog\/caso-de-exito-microsoft-bizspark\/#breadcrumb"},"inLanguage":"es","potentialAction":[{"@type":"ReadAction","target":["https:\/\/wp.soyfreelancer.com\/blog\/caso-de-exito-microsoft-bizspark\/"]}]},{"@type":"BreadcrumbList","@id":"https:\/\/wp.soyfreelancer.com\/blog\/caso-de-exito-microsoft-bizspark\/#breadcrumb","itemListElement":[{"@type":"ListItem","position":1,"name":"Portada","item":"https:\/\/wp.soyfreelancer.com\/blog\/"},{"@type":"ListItem","position":2,"name":"Caso de \u00e9xito Microsoft BizSpark: SoyFreelancer.com"}]},{"@type":"WebSite","@id":"https:\/\/wp.soyfreelancer.com\/blog\/#website","url":"https:\/\/wp.soyfreelancer.com\/blog\/","name":"Soyfreelancer.com","description":"Soyfreelancer.com | Multiservicios en demanda","potentialAction":[{"@type":"SearchAction","target":{"@type":"EntryPoint","urlTemplate":"https:\/\/wp.soyfreelancer.com\/blog\/?s={search_term_string}"},"query-input":{"@type":"PropertyValueSpecification","valueRequired":true,"valueName":"search_term_string"}}],"inLanguage":"es"}]}},"_links":{"self":[{"href":"https:\/\/wp.soyfreelancer.com\/blog\/wp-json\/wp\/v2\/pages\/3721","targetHints":{"allow":["GET"]}}],"collection":[{"href":"https:\/\/wp.soyfreelancer.com\/blog\/wp-json\/wp\/v2\/pages"}],"about":[{"href":"https:\/\/wp.soyfreelancer.com\/blog\/wp-json\/wp\/v2\/types\/page"}],"author":[{"embeddable":true,"href":"https:\/\/wp.soyfreelancer.com\/blog\/wp-json\/wp\/v2\/users\/11"}],"replies":[{"embeddable":true,"href":"https:\/\/wp.soyfreelancer.com\/blog\/wp-json\/wp\/v2\/comments?post=3721"}],"version-history":[{"count":3,"href":"https:\/\/wp.soyfreelancer.com\/blog\/wp-json\/wp\/v2\/pages\/3721\/revisions"}],"predecessor-version":[{"id":12450,"href":"https:\/\/wp.soyfreelancer.com\/blog\/wp-json\/wp\/v2\/pages\/3721\/revisions\/12450"}],"wp:attachment":[{"href":"https:\/\/wp.soyfreelancer.com\/blog\/wp-json\/wp\/v2\/media?parent=3721"}],"wp:term":[{"taxonomy":"category","embeddable":true,"href":"https:\/\/wp.soyfreelancer.com\/blog\/wp-json\/wp\/v2\/categories?post=3721"},{"taxonomy":"post_tag","embeddable":true,"href":"https:\/\/wp.soyfreelancer.com\/blog\/wp-json\/wp\/v2\/tags?post=3721"}],"curies":[{"name":"wp","href":"https:\/\/api.w.org\/{rel}","templated":true}]}}